{"id":20822,"date":"2024-06-20T06:30:58","date_gmt":"2024-06-20T04:30:58","guid":{"rendered":"https:\/\/zigzagnewmedia.com\/producte\/llicencia-plugin-email-customizer-for-woocommerce-maquetacio-emails-renovacio-anual\/"},"modified":"2024-06-20T06:30:58","modified_gmt":"2024-06-20T04:30:58","slug":"llicencia-plugin-email-customizer-for-woocommerce-maquetacio-emails-renovacio-anual","status":"publish","type":"product","link":"https:\/\/zigzagnewmedia.com\/es\/producte\/llicencia-plugin-email-customizer-for-woocommerce-maquetacio-emails-renovacio-anual\/","title":{"rendered":"Llicencia plugin&nbsp;Email Customizer for WooCommerce (maquetaci\u00f3 emails)&nbsp;renovaci\u00f3 anual."},"content":{"rendered":"<p>Llicencia plugin&nbsp;Email Customizer for WooCommerce (maquetaci\u00f3 emails)&nbsp;renovaci\u00f3 anual.<\/p>\n","protected":false},"excerpt":{"rendered":"<p>Llicencia plugin&nbsp;Email Customizer for WooCommerce (maquetaci\u00f3 emails)&nbsp;renovaci\u00f3 anual.<\/p>\n","protected":false},"featured_media":0,"template":"","meta":{"_et_pb_use_builder":"","_et_pb_old_content":"","_et_gb_content_width":""},"product_brand":[],"product_cat":[15],"product_tag":[],"class_list":{"0":"post-20822","1":"product","2":"type-product","3":"status-publish","5":"product_cat-sense-categoria","7":"first","8":"instock","9":"taxable","10":"shipping-taxable","11":"purchasable","12":"product-type-simple"},"_links":{"self":[{"href":"https:\/\/zigzagnewmedia.com\/es\/wp-json\/wp\/v2\/product\/20822","targetHints":{"allow":["GET"]}}],"collection":[{"href":"https:\/\/zigzagnewmedia.com\/es\/wp-json\/wp\/v2\/product"}],"about":[{"href":"https:\/\/zigzagnewmedia.com\/es\/wp-json\/wp\/v2\/types\/product"}],"wp:attachment":[{"href":"https:\/\/zigzagnewmedia.com\/es\/wp-json\/wp\/v2\/media?parent=20822"}],"wp:term":[{"taxonomy":"product_brand","embeddable":true,"href":"https:\/\/zigzagnewmedia.com\/es\/wp-json\/wp\/v2\/product_brand?post=20822"},{"taxonomy":"product_cat","embeddable":true,"href":"https:\/\/zigzagnewmedia.com\/es\/wp-json\/wp\/v2\/product_cat?post=20822"},{"taxonomy":"product_tag","embeddable":true,"href":"https:\/\/zigzagnewmedia.com\/es\/wp-json\/wp\/v2\/product_tag?post=20822"}],"curies":[{"name":"wp","href":"https:\/\/api.w.org\/{rel}","templated":true}]}}