{"id":23031,"date":"2025-05-11T20:48:10","date_gmt":"2025-05-11T18:48:10","guid":{"rendered":"https:\/\/zigzagnewmedia.com\/producte\/actualitzacio-programari-wordpress-plugins-i-themes-canvi-de-versio-php-en-rosalbagestion-es-2\/"},"modified":"2025-05-11T20:48:10","modified_gmt":"2025-05-11T18:48:10","slug":"actualitzacio-programari-wordpress-plugins-i-themes-canvi-de-versio-php-en-rosalbagestion-es-2","status":"publish","type":"product","link":"https:\/\/zigzagnewmedia.com\/es\/producte\/actualitzacio-programari-wordpress-plugins-i-themes-canvi-de-versio-php-en-rosalbagestion-es-2\/","title":{"rendered":"Actualitzaci\u00f3 programari wordpress, plugins i themes, canvi de versi\u00f3 PHP en rosalbagestion.es."},"content":{"rendered":"<p>Actualitzaci\u00f3 programari wordpress, plugins i themes, canvi de versi\u00f3 PHP en rosalbagestion.es.<\/p>\n","protected":false},"excerpt":{"rendered":"<p>Actualitzaci\u00f3 programari wordpress, plugins i themes, canvi de versi\u00f3 PHP en rosalbagestion.es.<\/p>\n","protected":false},"featured_media":0,"template":"","meta":{"_et_pb_use_builder":"","_et_pb_old_content":"","_et_gb_content_width":""},"product_brand":[],"product_cat":[15],"product_tag":[],"class_list":{"0":"post-23031","1":"product","2":"type-product","3":"status-publish","5":"product_cat-sense-categoria","7":"first","8":"instock","9":"taxable","10":"shipping-taxable","11":"purchasable","12":"product-type-simple"},"_links":{"self":[{"href":"https:\/\/zigzagnewmedia.com\/es\/wp-json\/wp\/v2\/product\/23031","targetHints":{"allow":["GET"]}}],"collection":[{"href":"https:\/\/zigzagnewmedia.com\/es\/wp-json\/wp\/v2\/product"}],"about":[{"href":"https:\/\/zigzagnewmedia.com\/es\/wp-json\/wp\/v2\/types\/product"}],"wp:attachment":[{"href":"https:\/\/zigzagnewmedia.com\/es\/wp-json\/wp\/v2\/media?parent=23031"}],"wp:term":[{"taxonomy":"product_brand","embeddable":true,"href":"https:\/\/zigzagnewmedia.com\/es\/wp-json\/wp\/v2\/product_brand?post=23031"},{"taxonomy":"product_cat","embeddable":true,"href":"https:\/\/zigzagnewmedia.com\/es\/wp-json\/wp\/v2\/product_cat?post=23031"},{"taxonomy":"product_tag","embeddable":true,"href":"https:\/\/zigzagnewmedia.com\/es\/wp-json\/wp\/v2\/product_tag?post=23031"}],"curies":[{"name":"wp","href":"https:\/\/api.w.org\/{rel}","templated":true}]}}