{"id":24978,"date":"2025-10-22T07:46:24","date_gmt":"2025-10-22T05:46:24","guid":{"rendered":"https:\/\/zigzagnewmedia.com\/producte\/grabacio-conferencia-fpempren-16-10-2025\/"},"modified":"2025-10-22T07:46:24","modified_gmt":"2025-10-22T05:46:24","slug":"grabacio-conferencia-fpempren-16-10-2025","status":"publish","type":"product","link":"https:\/\/zigzagnewmedia.com\/es\/producte\/grabacio-conferencia-fpempren-16-10-2025\/","title":{"rendered":"Grabaci\u00f3 confer\u00e8ncia FPEMPREN 16-10-2025"},"content":{"rendered":"<p>Grabaci\u00f3 confer\u00e8ncia FPEMPREN 16-10-2025<\/p>\n","protected":false},"excerpt":{"rendered":"<p>Grabaci\u00f3 confer\u00e8ncia FPEMPREN 16-10-2025<\/p>\n","protected":false},"featured_media":0,"template":"","meta":{"_et_pb_use_builder":"","_et_pb_old_content":"","_et_gb_content_width":""},"product_brand":[],"product_cat":[15],"product_tag":[],"class_list":{"0":"post-24978","1":"product","2":"type-product","3":"status-publish","5":"product_cat-sense-categoria","7":"first","8":"instock","9":"taxable","10":"shipping-taxable","11":"purchasable","12":"product-type-simple"},"_links":{"self":[{"href":"https:\/\/zigzagnewmedia.com\/es\/wp-json\/wp\/v2\/product\/24978","targetHints":{"allow":["GET"]}}],"collection":[{"href":"https:\/\/zigzagnewmedia.com\/es\/wp-json\/wp\/v2\/product"}],"about":[{"href":"https:\/\/zigzagnewmedia.com\/es\/wp-json\/wp\/v2\/types\/product"}],"wp:attachment":[{"href":"https:\/\/zigzagnewmedia.com\/es\/wp-json\/wp\/v2\/media?parent=24978"}],"wp:term":[{"taxonomy":"product_brand","embeddable":true,"href":"https:\/\/zigzagnewmedia.com\/es\/wp-json\/wp\/v2\/product_brand?post=24978"},{"taxonomy":"product_cat","embeddable":true,"href":"https:\/\/zigzagnewmedia.com\/es\/wp-json\/wp\/v2\/product_cat?post=24978"},{"taxonomy":"product_tag","embeddable":true,"href":"https:\/\/zigzagnewmedia.com\/es\/wp-json\/wp\/v2\/product_tag?post=24978"}],"curies":[{"name":"wp","href":"https:\/\/api.w.org\/{rel}","templated":true}]}}