{"id":27193,"date":"2026-03-21T06:11:27","date_gmt":"2026-03-21T05:11:27","guid":{"rendered":"https:\/\/zigzagnewmedia.com\/producte\/actualitzacio-programari-wordpress-plugins-i-themes-canvi-de-versio-php-en-rosalbagestion-es-3\/"},"modified":"2026-03-21T06:11:27","modified_gmt":"2026-03-21T05:11:27","slug":"actualitzacio-programari-wordpress-plugins-i-themes-canvi-de-versio-php-en-rosalbagestion-es-3","status":"publish","type":"product","link":"https:\/\/zigzagnewmedia.com\/es\/producte\/actualitzacio-programari-wordpress-plugins-i-themes-canvi-de-versio-php-en-rosalbagestion-es-3\/","title":{"rendered":"Actualitzaci\u00f3 programari wordpress, plugins i themes, canvi de versi\u00f3 PHP en rosalbagestion.es."},"content":{"rendered":"<p>Actualitzaci\u00f3 programari wordpress, plugins i themes, canvi de versi\u00f3 PHP en rosalbagestion.es.<\/p>\n","protected":false},"excerpt":{"rendered":"<p>Actualitzaci\u00f3 programari wordpress, plugins i themes, canvi de versi\u00f3 PHP en rosalbagestion.es.<\/p>\n","protected":false},"featured_media":0,"template":"","meta":{"_et_pb_use_builder":"","_et_pb_old_content":"","_et_gb_content_width":""},"product_brand":[],"product_cat":[15],"product_tag":[],"class_list":{"0":"post-27193","1":"product","2":"type-product","3":"status-publish","5":"product_cat-sense-categoria","7":"first","8":"instock","9":"taxable","10":"shipping-taxable","11":"purchasable","12":"product-type-simple"},"_links":{"self":[{"href":"https:\/\/zigzagnewmedia.com\/es\/wp-json\/wp\/v2\/product\/27193","targetHints":{"allow":["GET"]}}],"collection":[{"href":"https:\/\/zigzagnewmedia.com\/es\/wp-json\/wp\/v2\/product"}],"about":[{"href":"https:\/\/zigzagnewmedia.com\/es\/wp-json\/wp\/v2\/types\/product"}],"wp:attachment":[{"href":"https:\/\/zigzagnewmedia.com\/es\/wp-json\/wp\/v2\/media?parent=27193"}],"wp:term":[{"taxonomy":"product_brand","embeddable":true,"href":"https:\/\/zigzagnewmedia.com\/es\/wp-json\/wp\/v2\/product_brand?post=27193"},{"taxonomy":"product_cat","embeddable":true,"href":"https:\/\/zigzagnewmedia.com\/es\/wp-json\/wp\/v2\/product_cat?post=27193"},{"taxonomy":"product_tag","embeddable":true,"href":"https:\/\/zigzagnewmedia.com\/es\/wp-json\/wp\/v2\/product_tag?post=27193"}],"curies":[{"name":"wp","href":"https:\/\/api.w.org\/{rel}","templated":true}]}}